{"id":18,"date":"2019-11-27T04:20:47","date_gmt":"2019-11-27T04:20:47","guid":{"rendered":"http:\/\/friendly-zebra.w6.wpsandbox.pro\/?page_id=18"},"modified":"2020-08-22T14:35:45","modified_gmt":"2020-08-22T11:35:45","slug":"contact","status":"publish","type":"page","link":"https:\/\/www.gayemobilya.com\/?page_id=18","title":{"rendered":"\u0130leti\u015fim"},"content":{"rendered":"\t\t<div data-elementor-type=\"wp-post\" data-elementor-id=\"18\" class=\"elementor elementor-18\">\n\t\t\t\t\t\t<div class=\"elementor-inner\">\n\t\t\t\t<div class=\"elementor-section-wrap\">\n\t\t\t\t\t\t\t\t\t<section class=\"elementor-section elementor-top-section elementor-element elementor-element-19ea1316 elementor-section-boxed elementor-section-height-default elementor-section-height-default\" data-id=\"19ea1316\" data-element_type=\"section\">\n\t\t\t\t\t\t<div class=\"elementor-container elementor-column-gap-default\">\n\t\t\t\t\t\t\t<div class=\"elementor-row\">\n\t\t\t\t\t<div class=\"elementor-column elementor-col-100 elementor-top-column elementor-element elementor-element-7248b919\" data-id=\"7248b919\" data-element_type=\"column\">\n\t\t\t<div class=\"elementor-column-wrap elementor-element-populated\">\n\t\t\t\t\t\t\t<div class=\"elementor-widget-wrap\">\n\t\t\t\t\t\t<div class=\"elementor-element elementor-element-28d8a440 elementor-widget elementor-widget-text-editor\" data-id=\"28d8a440\" data-element_type=\"widget\" data-widget_type=\"text-editor.default\">\n\t\t\t\t<div class=\"elementor-widget-container\">\n\t\t\t\t\t\t\t\t<div class=\"elementor-text-editor elementor-clearfix\">\n\t\t\t\t<!-- wp:paragraph -->\n<p><strong>\u00dcnvan:<\/strong><br \/>GAYE TUR\u0130ZM \u0130N\u015e.AH\u015eAP<br \/>SAN.VE T\u0130C.LTD.\u015eT\u0130.<\/p>\n<p><strong>Adres:<\/strong><br \/>AKDEN\u0130Z SANAY\u0130 S\u0130TES\u0130, 5035.SOKAK NO:30-32 KEPEZ\/ANTALYA<\/p>\n<p><strong>Telefon:<\/strong><br \/><a href=\"http:\/\/TEL: 0 242 221 02 11\" data-wplink-url-error=\"true\">\u00a0+90 (242) 221 02 11<\/a> \/ <a href=\"http:\/\/TEL: 0 242 221 02 11\" data-wplink-url-error=\"true\">+90 (242) 221 00 01<\/a><\/p>\n<p><strong>Faks:<\/strong><br \/><a href=\"http:\/\/TEL: 0 242 221 47 76\" data-wplink-url-error=\"true\">+90 (242) 221 47 76<\/a><\/p>\n<p><strong>E Mail:<\/strong><br \/>gayeturizmmobilya@hotmail.com<\/p>\n<!-- \/wp:paragraph --><!-- wp:everest-forms\/form-selector {\"formId\":\"682\",\"displayTitle\":false,\"displayDescription\":false} \/-->\t\t\t\t\t<\/div>\n\t\t\t\t\t\t<\/div>\n\t\t\t\t<\/div>\n\t\t\t\t\t\t<\/div>\n\t\t\t\t\t<\/div>\n\t\t<\/div>\n\t\t\t\t\t\t\t\t<\/div>\n\t\t\t\t\t<\/div>\n\t\t<\/section>\n\t\t\t\t<section class=\"elementor-section elementor-top-section elementor-element elementor-element-f1c1e91 elementor-section-boxed elementor-section-height-default elementor-section-height-default\" data-id=\"f1c1e91\" data-element_type=\"section\">\n\t\t\t\t\t\t<div class=\"elementor-container elementor-column-gap-default\">\n\t\t\t\t\t\t\t<div class=\"elementor-row\">\n\t\t\t\t\t<div class=\"elementor-column elementor-col-100 elementor-top-column elementor-element elementor-element-f07f7c8\" data-id=\"f07f7c8\" data-element_type=\"column\">\n\t\t\t<div class=\"elementor-column-wrap elementor-element-populated\">\n\t\t\t\t\t\t\t<div class=\"elementor-widget-wrap\">\n\t\t\t\t\t\t<div class=\"elementor-element elementor-element-5acfa2b elementor-widget elementor-widget-google_maps\" data-id=\"5acfa2b\" data-element_type=\"widget\" data-widget_type=\"google_maps.default\">\n\t\t\t\t<div class=\"elementor-widget-container\">\n\t\t\t\t\t<div class=\"elementor-custom-embed\">\n\t\t\t<iframe frameborder=\"0\" scrolling=\"no\" marginheight=\"0\" marginwidth=\"0\"\n\t\t\t\t\tsrc=\"https:\/\/maps.google.com\/maps?q=%C5%9Eafak%2C%20Akdeniz%20Sanayi%20Sitesi%2C%205035.%20Sk.%20No%3A30-32%2C%2007220%20Kepez%2FAntalya&#038;t=m&#038;z=10&#038;output=embed&#038;iwloc=near\"\n\t\t\t\t\ttitle=\"\u015eafak, Akdeniz Sanayi Sitesi, 5035. Sk. No:30-32, 07220 Kepez\/Antalya\"\n\t\t\t\t\taria-label=\"\u015eafak, Akdeniz Sanayi Sitesi, 5035. Sk. No:30-32, 07220 Kepez\/Antalya\"\n\t\t\t><\/iframe>\n\t\t<\/div>\n\t\t\t\t<\/div>\n\t\t\t\t<\/div>\n\t\t\t\t\t\t<\/div>\n\t\t\t\t\t<\/div>\n\t\t<\/div>\n\t\t\t\t\t\t\t\t<\/div>\n\t\t\t\t\t<\/div>\n\t\t<\/section>\n\t\t\t\t<section class=\"elementor-section elementor-top-section elementor-element elementor-element-259ec23 elementor-section-boxed elementor-section-height-default elementor-section-height-default\" data-id=\"259ec23\" data-element_type=\"section\">\n\t\t\t\t\t\t<div class=\"elementor-container elementor-column-gap-default\">\n\t\t\t\t\t\t\t<div class=\"elementor-row\">\n\t\t\t\t\t<div class=\"elementor-column elementor-col-100 elementor-top-column elementor-element elementor-element-3b8ab7a\" data-id=\"3b8ab7a\" data-element_type=\"column\">\n\t\t\t<div class=\"elementor-column-wrap elementor-element-populated\">\n\t\t\t\t\t\t\t<div class=\"elementor-widget-wrap\">\n\t\t\t\t\t\t<div class=\"elementor-element elementor-element-d76ce39 elementor-widget elementor-widget-heading\" data-id=\"d76ce39\" data-element_type=\"widget\" data-widget_type=\"heading.default\">\n\t\t\t\t<div class=\"elementor-widget-container\">\n\t\t\t<h2 class=\"elementor-heading-title elementor-size-default\"><div class=\"everest-forms\"><div class=\"evf-container layout-two\" id=\"evf-682\"><form id=\"evf-form-682\" class=\"everest-form\" data-formid=\"682\" data-ajax_submission=\"0\" data-keyboard_friendly_form=\"0\" method=\"post\" enctype=\"multipart\/form-data\" action=\"\/index.php?rest_route=%2Fwp%2Fv2%2Fpages%2F18\"><div class=\"evf-field-container\"><input type=\"hidden\" id=\"_wpnonce682\" name=\"_wpnonce682\" value=\"f7e5b0b14f\" \/><input type=\"hidden\" name=\"_wp_http_referer\" value=\"\/index.php?rest_route=%2Fwp%2Fv2%2Fpages%2F18\" \/><div class=\"evf-frontend-row\" data-row=\"row_1\" conditional_rules=\"[]\"><div class=\"evf-frontend-grid evf-grid-2\" data-grid=\"grid_1\"><div id=\"evf-682-field_ys0GeZISRs-1-container\" class=\"evf-field evf-field-first-name form-row validate-required\" data-required-field-message=\"This field is required.\" data-field-id=\"ys0GeZISRs-1\"><label class=\"evf-field-label\" for=\"evf-682-field_ys0GeZISRs-1\"><span class=\"evf-label\">Ad\u0131n\u0131z<\/span> <abbr class=\"required\" title=\"Required\">*<\/abbr><\/label><input type=\"text\" id=\"evf-682-field_ys0GeZISRs-1\" class=\"input-text\" name=\"everest_forms[form_fields][ys0GeZISRs-1]\" required><\/div><div id=\"evf-682-field_LbH5NxasXM-2-container\" class=\"evf-field evf-field-email form-row validate-required validate-email\" data-required-field-message=\"Please enter a valid email address.\" data-field-id=\"LbH5NxasXM-2\"><label class=\"evf-field-label\" for=\"evf-682-field_LbH5NxasXM-2\"><span class=\"evf-label\">E-mail Adresiniz<\/span> <abbr class=\"required\" title=\"Required\">*<\/abbr><\/label><input type=\"email\" id=\"evf-682-field_LbH5NxasXM-2\" class=\"input-text\" name=\"everest_forms[form_fields][LbH5NxasXM-2]\" required ><\/div><div id=\"evf-682-field_JBqCavx1ar-5-container\" class=\"evf-field evf-field-number form-row\" data-field-id=\"JBqCavx1ar-5\"><label class=\"evf-field-label\" for=\"evf-682-field_JBqCavx1ar-5\"><span class=\"evf-label\">Telefon Numaran\u0131z<\/span> <\/label><input type=\"number\" id=\"evf-682-field_JBqCavx1ar-5\" class=\"input-text\" name=\"everest_forms[form_fields][JBqCavx1ar-5]\" \/><\/div><\/div><div class=\"evf-frontend-grid evf-grid-2\" data-grid=\"grid_2\"><div id=\"evf-682-field_66FR384cge-3-container\" class=\"evf-field evf-field-text form-row\" data-field-id=\"66FR384cge-3\"><label class=\"evf-field-label\" for=\"evf-682-field_66FR384cge-3\"><span class=\"evf-label\">Konu<\/span> <\/label><input type=\"text\" id=\"evf-682-field_66FR384cge-3\" class=\"input-text\" name=\"everest_forms[form_fields][66FR384cge-3]\" ><\/div><div id=\"evf-682-field_yhGx3FOwr2-4-container\" class=\"evf-field evf-field-textarea form-row validate-required\" data-required-field-message=\"This field is required.\" data-field-id=\"yhGx3FOwr2-4\"><label class=\"evf-field-label\" for=\"evf-682-field_yhGx3FOwr2-4\"><span class=\"evf-label\">Mesaj\u0131n\u0131z<\/span> <abbr class=\"required\" title=\"Required\">*<\/abbr><\/label><textarea id=\"evf-682-field_yhGx3FOwr2-4\" class=\"input-text\" name=\"everest_forms[form_fields][yhGx3FOwr2-4]\" required ><\/textarea><\/div><\/div><\/div><\/div><div class=\"evf-honeypot-container evf-field-hp\"><label for=\"evf-682-field-hp\" class=\"evf-field-label\">Comment<\/label><input type=\"text\" name=\"everest_forms[hp]\" id=\"evf-682-field-hp\" class=\"input-text\"><\/div><div class=\"evf-submit-container \" ><input type=\"hidden\" name=\"everest_forms[id]\" value=\"682\"><input type=\"hidden\" name=\"everest_forms[author]\" value=\"1\"><button type='submit' name='everest_forms[submit]' class='everest-forms-submit-button button evf-submit ' id='evf-submit-682' value='evf-submit' data-process-text=\"G\u00f6nderiliyor\" conditional_rules='&quot;&quot;' conditional_id='evf-submit-682'  id=\"evf-submit-682\" aria-live=\"assertive\">G\u00d6NDER<\/button><\/div><\/form><\/div><!-- .evf-container --><\/div><\/h2>\t\t<\/div>\n\t\t\t\t<\/div>\n\t\t\t\t\t\t<\/div>\n\t\t\t\t\t<\/div>\n\t\t<\/div>\n\t\t\t\t\t\t\t\t<\/div>\n\t\t\t\t\t<\/div>\n\t\t<\/section>\n\t\t\t\t\t\t\t\t\t<\/div>\n\t\t\t<\/div>\n\t\t\t\t\t<\/div>\n\t\t","protected":false},"excerpt":{"rendered":"<p>\u00dcnvan:GAYE TUR\u0130ZM \u0130N\u015e.AH\u015eAPSAN.VE T\u0130C.LTD.\u015eT\u0130. Adres:AKDEN\u0130Z SANAY\u0130 S\u0130TES\u0130, 5035.SOKAK NO:30-32 KEPEZ\/ANTALYA Telefon:\u00a0+90 (242) 221 02 11 \/ +90 (242) 221 00 01 Faks:+90 (242) 221 47 76 E Mail:gayeturizmmobilya@hotmail.com<\/p>\n","protected":false},"author":1,"featured_media":0,"parent":0,"menu_order":0,"comment_status":"closed","ping_status":"closed","template":"template-parts\/template-homepage.php","meta":{"ngg_post_thumbnail":0},"aioseo_notices":[],"_links":{"self":[{"href":"https:\/\/www.gayemobilya.com\/index.php?rest_route=\/wp\/v2\/pages\/18"}],"collection":[{"href":"https:\/\/www.gayemobilya.com\/index.php?rest_route=\/wp\/v2\/pages"}],"about":[{"href":"https:\/\/www.gayemobilya.com\/index.php?rest_route=\/wp\/v2\/types\/page"}],"author":[{"embeddable":true,"href":"https:\/\/www.gayemobilya.com\/index.php?rest_route=\/wp\/v2\/users\/1"}],"replies":[{"embeddable":true,"href":"https:\/\/www.gayemobilya.com\/index.php?rest_route=%2Fwp%2Fv2%2Fcomments&post=18"}],"version-history":[{"count":15,"href":"https:\/\/www.gayemobilya.com\/index.php?rest_route=\/wp\/v2\/pages\/18\/revisions"}],"predecessor-version":[{"id":910,"href":"https:\/\/www.gayemobilya.com\/index.php?rest_route=\/wp\/v2\/pages\/18\/revisions\/910"}],"wp:attachment":[{"href":"https:\/\/www.gayemobilya.com\/index.php?rest_route=%2Fwp%2Fv2%2Fmedia&parent=18"}],"curies":[{"name":"wp","href":"https:\/\/api.w.org\/{rel}","templated":true}]}}