{"id":8,"date":"2019-11-27T04:19:01","date_gmt":"2019-11-27T04:19:01","guid":{"rendered":"http:\/\/friendly-zebra.w6.wpsandbox.pro\/?page_id=8"},"modified":"2020-07-23T22:31:42","modified_gmt":"2020-07-23T19:31:42","slug":"about-us","status":"publish","type":"page","link":"https:\/\/www.gayemobilya.com\/?page_id=8","title":{"rendered":"Hakk\u0131m\u0131zda"},"content":{"rendered":"\t\t<div data-elementor-type=\"wp-post\" data-elementor-id=\"8\" class=\"elementor elementor-8\">\n\t\t\t\t\t\t<div class=\"elementor-inner\">\n\t\t\t\t<div class=\"elementor-section-wrap\">\n\t\t\t\t\t\t\t\t\t<section class=\"elementor-section elementor-top-section elementor-element elementor-element-f7ac405 elementor-section-boxed elementor-section-height-default elementor-section-height-default\" data-id=\"f7ac405\" data-element_type=\"section\">\n\t\t\t\t\t\t<div class=\"elementor-container elementor-column-gap-default\">\n\t\t\t\t\t\t\t<div class=\"elementor-row\">\n\t\t\t\t\t<div class=\"elementor-column elementor-col-100 elementor-top-column elementor-element elementor-element-24a99e4\" data-id=\"24a99e4\" data-element_type=\"column\">\n\t\t\t<div class=\"elementor-column-wrap elementor-element-populated\">\n\t\t\t\t\t\t\t<div class=\"elementor-widget-wrap\">\n\t\t\t\t\t\t<div class=\"elementor-element elementor-element-fdd5851 elementor-widget elementor-widget-image\" data-id=\"fdd5851\" data-element_type=\"widget\" data-widget_type=\"image.default\">\n\t\t\t\t<div class=\"elementor-widget-container\">\n\t\t\t\t\t\t\t\t<div class=\"elementor-image\">\n\t\t\t\t\t\t\t\t\t\t\t\t<img decoding=\"async\" width=\"620\" height=\"414\" src=\"https:\/\/www.gayemobilya.com\/wp-content\/uploads\/2020\/07\/When-To-Call-A-Carpentry-Pro.jpg\" class=\"attachment-large size-large\" alt=\"\" loading=\"lazy\" srcset=\"https:\/\/www.gayemobilya.com\/wp-content\/uploads\/2020\/07\/When-To-Call-A-Carpentry-Pro.jpg 620w, https:\/\/www.gayemobilya.com\/wp-content\/uploads\/2020\/07\/When-To-Call-A-Carpentry-Pro-300x200.jpg 300w\" sizes=\"(max-width: 620px) 100vw, 620px\" \/>\t\t\t\t\t\t\t\t\t\t\t\t\t\t<\/div>\n\t\t\t\t\t\t<\/div>\n\t\t\t\t<\/div>\n\t\t\t\t<div class=\"elementor-element elementor-element-cd9cfe9 elementor-widget-divider--view-line elementor-invisible elementor-widget elementor-widget-divider\" data-id=\"cd9cfe9\" data-element_type=\"widget\" data-settings=\"{&quot;_animation&quot;:&quot;fadeInDown&quot;}\" data-widget_type=\"divider.default\">\n\t\t\t\t<div class=\"elementor-widget-container\">\n\t\t\t\t\t<div class=\"elementor-divider\">\n\t\t\t<span class=\"elementor-divider-separator\">\n\t\t\t\t\t\t<\/span>\n\t\t<\/div>\n\t\t\t\t<\/div>\n\t\t\t\t<\/div>\n\t\t\t\t<div class=\"elementor-element elementor-element-5362aba elementor-widget elementor-widget-text-editor\" data-id=\"5362aba\" data-element_type=\"widget\" data-widget_type=\"text-editor.default\">\n\t\t\t\t<div class=\"elementor-widget-container\">\n\t\t\t\t\t\t\t\t<div class=\"elementor-text-editor elementor-clearfix\">\n\t\t\t\t<h2><strong>1973 y\u0131l\u0131ndan bug\u00fcne,<\/strong><\/h2><p class=\"animate animated fadeIn\">Ger\u00e7ekle\u015ftirdi\u011fi t\u00fcm projelerde kaliteden \u00f6d\u00fcn vermeyen, i\u015fledi\u011fi hammaddenin de\u011ferini, ustal\u0131\u011f\u0131 ve teknolojinin \u00fcst\u00fcnl\u00fckleri ile bulu\u015fturan Gaye Mobilya, d\u00fcnya standartlar\u0131ndaki teknolojinin sundu\u011fu olanaklar ile yurti\u00e7i s\u00f6zle\u015fmeli otel mobilyalar\u0131 konusunda faaliyetlerini s\u00fcrd\u00fcrmeye devam etmektedir.<\/p><p>\u015eirket olarak yap\u0131lacak i\u015fin zaman\u0131nda teslim edilebilmesi i\u00e7in verimlilik ba\u015fta olmak \u00fczere, ekip y\u00f6netimi, i\u015f ak\u0131\u015f\u0131 ve \u00fcretim planlamas\u0131 bizim i\u00e7in her zaman \u00f6n planda olmu\u015ftur.<\/p><p class=\"animate animated fadeIn\">G\u00fcn\u00fcm\u00fczde yo\u011fun rekabet ko\u015fullar\u0131 i\u00e7erisinde s\u00fcrekli de\u011fi\u015fim s\u00fcreci ya\u015fayan otel mobilyalar\u0131 ve dekorasyon konular\u0131nda m\u00fc\u015fterilerimize yenilik\u00e7i yakla\u015f\u0131mlar ve y\u00fcksek teknolojili \u00e7\u00f6z\u00fcmler ile m\u00fc\u015fteri odakl\u0131 \u00f6zel proje ve \u00fcretim hizmetleri vermekteyiz. \u00a0<\/p><p class=\"animate animated fadeIn\">Gaye Mobilya, m\u00fc\u015fteri memnuniyetinin yan\u0131 s\u0131ra \u00e7evresel duyarl\u0131l\u0131\u011f\u0131yla da \u00f6nc\u00fc firma olma yolunda \u00e7al\u0131\u015fmalar\u0131na devam etmektedir.<\/p>\t\t\t\t\t<\/div>\n\t\t\t\t\t\t<\/div>\n\t\t\t\t<\/div>\n\t\t\t\t\t\t<\/div>\n\t\t\t\t\t<\/div>\n\t\t<\/div>\n\t\t\t\t\t\t\t\t<\/div>\n\t\t\t\t\t<\/div>\n\t\t<\/section>\n\t\t\t\t<section class=\"elementor-section elementor-top-section elementor-element elementor-element-c5a4f85 elementor-section-boxed elementor-section-height-default elementor-section-height-default\" data-id=\"c5a4f85\" data-element_type=\"section\">\n\t\t\t\t\t\t<div class=\"elementor-container elementor-column-gap-default\">\n\t\t\t\t\t\t\t<div class=\"elementor-row\">\n\t\t\t\t\t<div class=\"elementor-column elementor-col-100 elementor-top-column elementor-element elementor-element-7b071a0\" data-id=\"7b071a0\" data-element_type=\"column\">\n\t\t\t<div class=\"elementor-column-wrap elementor-element-populated\">\n\t\t\t\t\t\t\t<div class=\"elementor-widget-wrap\">\n\t\t\t\t\t\t<div class=\"elementor-element elementor-element-0ec4ad6 elementor-widget elementor-widget-copyright\" data-id=\"0ec4ad6\" data-element_type=\"widget\" data-widget_type=\"copyright.default\">\n\t\t\t\t<div class=\"elementor-widget-container\">\n\t\t\t\t\t<div class=\"hfe-copyright-wrapper\">\n\t\t\t\t\t\t\t<span>Copyright \u00a9 2026 Gaye Mobilya | Powered by Gaye Mobilya<\/span>\n\t\t\t\t\t<\/div>\n\t\t\t\t<\/div>\n\t\t\t\t<\/div>\n\t\t\t\t\t\t<\/div>\n\t\t\t\t\t<\/div>\n\t\t<\/div>\n\t\t\t\t\t\t\t\t<\/div>\n\t\t\t\t\t<\/div>\n\t\t<\/section>\n\t\t\t\t\t\t\t\t\t<\/div>\n\t\t\t<\/div>\n\t\t\t\t\t<\/div>\n\t\t","protected":false},"excerpt":{"rendered":"<p>1973 y\u0131l\u0131ndan bug\u00fcne, Ger\u00e7ekle\u015ftirdi\u011fi t\u00fcm projelerde kaliteden \u00f6d\u00fcn vermeyen, i\u015fledi\u011fi hammaddenin de\u011ferini, ustal\u0131\u011f\u0131 ve teknolojinin \u00fcst\u00fcnl\u00fckleri ile bulu\u015fturan Gaye Mobilya, d\u00fcnya standartlar\u0131ndaki teknolojinin sundu\u011fu olanaklar ile yurti\u00e7i s\u00f6zle\u015fmeli otel mobilyalar\u0131 konusunda faaliyetlerini s\u00fcrd\u00fcrmeye devam etmektedir. \u015eirket olarak yap\u0131lacak i\u015fin zaman\u0131nda teslim edilebilmesi i\u00e7in verimlilik ba\u015fta olmak \u00fczere, ekip y\u00f6netimi, i\u015f ak\u0131\u015f\u0131 ve \u00fcretim planlamas\u0131 bizim [&hellip;]<\/p>\n","protected":false},"author":1,"featured_media":0,"parent":0,"menu_order":0,"comment_status":"closed","ping_status":"closed","template":"template-parts\/template-homepage.php","meta":{"ngg_post_thumbnail":0},"aioseo_notices":[],"_links":{"self":[{"href":"https:\/\/www.gayemobilya.com\/index.php?rest_route=\/wp\/v2\/pages\/8"}],"collection":[{"href":"https:\/\/www.gayemobilya.com\/index.php?rest_route=\/wp\/v2\/pages"}],"about":[{"href":"https:\/\/www.gayemobilya.com\/index.php?rest_route=\/wp\/v2\/types\/page"}],"author":[{"embeddable":true,"href":"https:\/\/www.gayemobilya.com\/index.php?rest_route=\/wp\/v2\/users\/1"}],"replies":[{"embeddable":true,"href":"https:\/\/www.gayemobilya.com\/index.php?rest_route=%2Fwp%2Fv2%2Fcomments&post=8"}],"version-history":[{"count":17,"href":"https:\/\/www.gayemobilya.com\/index.php?rest_route=\/wp\/v2\/pages\/8\/revisions"}],"predecessor-version":[{"id":904,"href":"https:\/\/www.gayemobilya.com\/index.php?rest_route=\/wp\/v2\/pages\/8\/revisions\/904"}],"wp:attachment":[{"href":"https:\/\/www.gayemobilya.com\/index.php?rest_route=%2Fwp%2Fv2%2Fmedia&parent=8"}],"curies":[{"name":"wp","href":"https:\/\/api.w.org\/{rel}","templated":true}]}}